{"id":5,"date":"2017-08-13T00:00:00","date_gmt":"2017-08-13T00:00:00","guid":{"rendered":"http:\/\/www.musique-et-instruments.com\/annonces-musicales\/awpcp\/show-ad\/"},"modified":"2017-08-13T22:38:53","modified_gmt":"2017-08-13T20:38:53","slug":"annonce","status":"publish","type":"page","link":"https:\/\/www.musique-et-instruments.com\/annonces-musicales\/annonces-musicales\/annonce\/","title":{"rendered":"Annonce"},"content":{"rendered":"<div class=\"awpcp-message awpcp-error notice notice-error error\"><p>Aucun ID d'annonce n'a \u00e9t\u00e9 sp\u00e9cifi\u00e9. Retournez \u00e0 <a href=\"https:\/\/www.musique-et-instruments.com\/annonces-musicales\/toutes-les-annonces\">, parcourez toutes les annonces {\/ browse_listings_link}.<\/p><\/div>\n","protected":false},"excerpt":{"rendered":"","protected":false},"author":1,"featured_media":0,"parent":4,"menu_order":0,"comment_status":"closed","ping_status":"closed","template":"","meta":{"footnotes":""},"yoast_head":"<!-- This site is optimized with the Yoast SEO plugin v23.5 - https:\/\/yoast.com\/wordpress\/plugins\/seo\/ -->\n<title>Annonce - Musique et instruments<\/title>\n<meta name=\"robots\" content=\"index, follow, max-snippet:-1, max-image-preview:large, max-video-preview:-1\" \/>\n<link rel=\"canonical\" href=\"https:\/\/www.musique-et-instruments.com\/annonces-musicales\/annonces-musicales\/annonce\/\" class=\"yoast-seo-meta-tag\" \/>\n<meta property=\"og:locale\" content=\"fr_FR\" class=\"yoast-seo-meta-tag\" \/>\n<meta property=\"og:type\" content=\"article\" class=\"yoast-seo-meta-tag\" \/>\n<meta property=\"og:title\" content=\"Annonce - Musique et instruments\" class=\"yoast-seo-meta-tag\" \/>\n<meta property=\"og:url\" content=\"https:\/\/www.musique-et-instruments.com\/annonces-musicales\/annonces-musicales\/annonce\/\" class=\"yoast-seo-meta-tag\" \/>\n<meta property=\"og:site_name\" content=\"Musique et instruments\" class=\"yoast-seo-meta-tag\" \/>\n<meta property=\"article:modified_time\" content=\"2017-08-13T20:38:53+00:00\" class=\"yoast-seo-meta-tag\" \/>\n<meta name=\"twitter:card\" content=\"summary_large_image\" class=\"yoast-seo-meta-tag\" \/>\n<script type=\"application\/ld+json\" class=\"yoast-schema-graph\">{\"@context\":\"https:\/\/schema.org\",\"@graph\":[{\"@type\":\"WebPage\",\"@id\":\"https:\/\/www.musique-et-instruments.com\/annonces-musicales\/annonces-musicales\/annonce\/\",\"url\":\"https:\/\/www.musique-et-instruments.com\/annonces-musicales\/annonces-musicales\/annonce\/\",\"name\":\"Annonce - Musique et instruments\",\"isPartOf\":{\"@id\":\"https:\/\/www.musique-et-instruments.com\/annonces-musicales\/#website\"},\"datePublished\":\"2017-08-13T00:00:00+00:00\",\"dateModified\":\"2017-08-13T20:38:53+00:00\",\"breadcrumb\":{\"@id\":\"https:\/\/www.musique-et-instruments.com\/annonces-musicales\/annonces-musicales\/annonce\/#breadcrumb\"},\"inLanguage\":\"fr-FR\",\"potentialAction\":[{\"@type\":\"ReadAction\",\"target\":[\"https:\/\/www.musique-et-instruments.com\/annonces-musicales\/annonces-musicales\/annonce\/\"]}]},{\"@type\":\"BreadcrumbList\",\"@id\":\"https:\/\/www.musique-et-instruments.com\/annonces-musicales\/annonces-musicales\/annonce\/#breadcrumb\",\"itemListElement\":[{\"@type\":\"ListItem\",\"position\":1,\"name\":\"Accueil\",\"item\":\"https:\/\/www.musique-et-instruments.com\/annonces-musicales\/\"},{\"@type\":\"ListItem\",\"position\":2,\"name\":\"annonces musicales\",\"item\":\"https:\/\/www.musique-et-instruments.com\/annonces-musicales\/annonces-musicales\/\"},{\"@type\":\"ListItem\",\"position\":3,\"name\":\"rech flutistes \u00e0 bec pour ens de flutes\"}]},{\"@type\":\"WebSite\",\"@id\":\"https:\/\/www.musique-et-instruments.com\/annonces-musicales\/#website\",\"url\":\"https:\/\/www.musique-et-instruments.com\/annonces-musicales\/\",\"name\":\"Musique et instruments\",\"description\":\"Annonces musique\",\"potentialAction\":[{\"@type\":\"SearchAction\",\"target\":{\"@type\":\"EntryPoint\",\"urlTemplate\":\"https:\/\/www.musique-et-instruments.com\/annonces-musicales\/?s={search_term_string}\"},\"query-input\":{\"@type\":\"PropertyValueSpecification\",\"valueRequired\":true,\"valueName\":\"search_term_string\"}}],\"inLanguage\":\"fr-FR\"}]}<\/script>\n<!-- \/ Yoast SEO plugin. -->","yoast_head_json":{"title":"Annonce - Musique et instruments","robots":{"index":"index","follow":"follow","max-snippet":"max-snippet:-1","max-image-preview":"max-image-preview:large","max-video-preview":"max-video-preview:-1"},"canonical":"https:\/\/www.musique-et-instruments.com\/annonces-musicales\/annonces-musicales\/annonce\/","og_locale":"fr_FR","og_type":"article","og_title":"Annonce - Musique et instruments","og_url":"https:\/\/www.musique-et-instruments.com\/annonces-musicales\/annonces-musicales\/annonce\/","og_site_name":"Musique et instruments","article_modified_time":"2017-08-13T20:38:53+00:00","twitter_card":"summary_large_image","schema":{"@context":"https:\/\/schema.org","@graph":[{"@type":"WebPage","@id":"https:\/\/www.musique-et-instruments.com\/annonces-musicales\/annonces-musicales\/annonce\/","url":"https:\/\/www.musique-et-instruments.com\/annonces-musicales\/annonces-musicales\/annonce\/","name":"Annonce - Musique et instruments","isPartOf":{"@id":"https:\/\/www.musique-et-instruments.com\/annonces-musicales\/#website"},"datePublished":"2017-08-13T00:00:00+00:00","dateModified":"2017-08-13T20:38:53+00:00","breadcrumb":{"@id":"https:\/\/www.musique-et-instruments.com\/annonces-musicales\/annonces-musicales\/annonce\/#breadcrumb"},"inLanguage":"fr-FR","potentialAction":[{"@type":"ReadAction","target":["https:\/\/www.musique-et-instruments.com\/annonces-musicales\/annonces-musicales\/annonce\/"]}]},{"@type":"BreadcrumbList","@id":"https:\/\/www.musique-et-instruments.com\/annonces-musicales\/annonces-musicales\/annonce\/#breadcrumb","itemListElement":[{"@type":"ListItem","position":1,"name":"Accueil","item":"https:\/\/www.musique-et-instruments.com\/annonces-musicales\/"},{"@type":"ListItem","position":2,"name":"annonces musicales","item":"https:\/\/www.musique-et-instruments.com\/annonces-musicales\/annonces-musicales\/"},{"@type":"ListItem","position":3,"name":"rech flutistes \u00e0 bec pour ens de flutes"}]},{"@type":"WebSite","@id":"https:\/\/www.musique-et-instruments.com\/annonces-musicales\/#website","url":"https:\/\/www.musique-et-instruments.com\/annonces-musicales\/","name":"Musique et instruments","description":"Annonces musique","potentialAction":[{"@type":"SearchAction","target":{"@type":"EntryPoint","urlTemplate":"https:\/\/www.musique-et-instruments.com\/annonces-musicales\/?s={search_term_string}"},"query-input":{"@type":"PropertyValueSpecification","valueRequired":true,"valueName":"search_term_string"}}],"inLanguage":"fr-FR"}]}},"_links":{"self":[{"href":"https:\/\/www.musique-et-instruments.com\/annonces-musicales\/wp-json\/wp\/v2\/pages\/5"}],"collection":[{"href":"https:\/\/www.musique-et-instruments.com\/annonces-musicales\/wp-json\/wp\/v2\/pages"}],"about":[{"href":"https:\/\/www.musique-et-instruments.com\/annonces-musicales\/wp-json\/wp\/v2\/types\/page"}],"author":[{"embeddable":true,"href":"https:\/\/www.musique-et-instruments.com\/annonces-musicales\/wp-json\/wp\/v2\/users\/1"}],"replies":[{"embeddable":true,"href":"https:\/\/www.musique-et-instruments.com\/annonces-musicales\/wp-json\/wp\/v2\/comments?post=5"}],"version-history":[{"count":3,"href":"https:\/\/www.musique-et-instruments.com\/annonces-musicales\/wp-json\/wp\/v2\/pages\/5\/revisions"}],"predecessor-version":[{"id":76,"href":"https:\/\/www.musique-et-instruments.com\/annonces-musicales\/wp-json\/wp\/v2\/pages\/5\/revisions\/76"}],"up":[{"embeddable":true,"href":"https:\/\/www.musique-et-instruments.com\/annonces-musicales\/wp-json\/wp\/v2\/pages\/4"}],"wp:attachment":[{"href":"https:\/\/www.musique-et-instruments.com\/annonces-musicales\/wp-json\/wp\/v2\/media?parent=5"}],"curies":[{"name":"wp","href":"https:\/\/api.w.org\/{rel}","templated":true}]}}